{"id":154,"date":"2023-04-17T12:03:02","date_gmt":"2023-04-17T17:03:02","guid":{"rendered":"https:\/\/perforacioneseingenieria.com.co\/?page_id=154"},"modified":"2025-08-04T18:54:26","modified_gmt":"2025-08-04T23:54:26","slug":"nosotros","status":"publish","type":"page","link":"https:\/\/perforacioneseingenieriavenezuela.com\/?page_id=154","title":{"rendered":"Nosotros"},"content":{"rendered":"<p>[et_pb_section fb_built=&#8221;1&#8243; admin_label=&#8221;Hero&#8221; _builder_version=&#8221;4.16&#8243; use_background_color_gradient=&#8221;on&#8221; background_color_gradient_direction=&#8221;90deg&#8221; background_color_gradient_stops=&#8221;rgba(240,242,246,0.5) 0%|rgba(255,255,255,0) 100%&#8221; background_color_gradient_start=&#8221;rgba(240,242,246,0.5)&#8221; background_color_gradient_end=&#8221;rgba(255,255,255,0)&#8221; custom_padding=&#8221;0|0px|0|0px|false|false&#8221; global_colors_info=&#8221;{}&#8221;][et_pb_row column_structure=&#8221;1_2,1_2&#8243; padding_top_bottom_link_1=&#8221;true&#8221; _builder_version=&#8221;4.16&#8243; custom_padding=&#8221;0|0px|0|1px|false|false&#8221; global_colors_info=&#8221;{}&#8221;][et_pb_column type=&#8221;1_2&#8243; _builder_version=&#8221;4.16&#8243; background_color_gradient_direction=&#8221;270deg&#8221; background_color_gradient_start=&#8221;#ffffff&#8221; background_color_gradient_end=&#8221;rgba(255,255,255,0.8)&#8221; custom_padding=&#8221;6vw||6vw|&#8221; custom_padding_tablet=&#8221;|5%||5%||true&#8221; custom_padding_phone=&#8221;|7%||7%||true&#8221; global_colors_info=&#8221;{}&#8221; padding_phone=&#8221;|7%||7%||true&#8221; padding_tablet=&#8221;|5%||5%||true&#8221; custom_padding__hover=&#8221;|||&#8221;][et_pb_text _builder_version=&#8221;4.27.4&#8243; text_font=&#8221;Red Hat Display||||||||&#8221; text_font_size=&#8221;18px&#8221; text_line_height=&#8221;1.8em&#8221; header_font=&#8221;Red Hat Display|900|||||||&#8221; header_font_size=&#8221;70px&#8221; header_line_height=&#8221;1.5em&#8221; header_3_font=&#8221;Lato|700||on|||||&#8221; header_3_text_color=&#8221;#3550a0&#8243; header_3_font_size=&#8221;20px&#8221; header_3_line_height=&#8221;1.5em&#8221; custom_margin=&#8221;|||&#8221; header_font_size_tablet=&#8221;50px&#8221; header_font_size_phone=&#8221;32px&#8221; header_font_size_last_edited=&#8221;on|tablet&#8221; header_3_font_size_tablet=&#8221;50px&#8221; header_3_font_size_phone=&#8221;32px&#8221; header_3_font_size_last_edited=&#8221;off|desktop&#8221; locked=&#8221;off&#8221; global_colors_info=&#8221;{}&#8221;]<\/p>\n<h1><span style=\"color: #333333;\">Nosotros<\/span><\/h1>\n<h3><span style=\"color: #333333;\">Perforaciones e Ingenier\u00eda S.A.S.<\/span><\/h3>\n<p><span style=\"color: #333333;\">es una empresa colombiana fundada por ingenieros civiles con el objetivo de ofrecer soluciones especializadas en perforaci\u00f3n subterr\u00e1nea utilizando tecnolog\u00eda de vanguardia.<\/span><\/p>\n<p>[\/et_pb_text][et_pb_button button_url=&#8221;https:\/\/wa.me\/573213678183&#8243; url_new_window=&#8221;on&#8221; button_text=&#8221;Cont\u00e1ctanos&#8221; _builder_version=&#8221;4.27.4&#8243; custom_button=&#8221;on&#8221; button_text_size=&#8221;16px&#8221; button_text_color=&#8221;#ffffff&#8221; button_bg_color=&#8221;#e02b20&#8243; button_border_width=&#8221;10px&#8221; button_border_color=&#8221;rgba(210,159,104,0)&#8221; button_border_radius=&#8221;100px&#8221; button_font=&#8221;Lato|900|||||||&#8221; button_use_icon=&#8221;off&#8221; custom_padding=&#8221;|50px||50px|false|true&#8221; custom_css_free_form=&#8221;.et_pb_button_0 {||\tbackground-color: #171717;||}&#8221; button_bg_color_hover=&#8221;#4159a0&#8243; locked=&#8221;off&#8221; global_colors_info=&#8221;{}&#8221; button_text_size__hover_enabled=&#8221;off&#8221; button_one_text_size__hover_enabled=&#8221;off&#8221; button_two_text_size__hover_enabled=&#8221;off&#8221; button_text_color__hover_enabled=&#8221;off&#8221; button_one_text_color__hover_enabled=&#8221;off&#8221; button_two_text_color__hover_enabled=&#8221;off&#8221; button_border_width__hover_enabled=&#8221;off&#8221; button_one_border_width__hover_enabled=&#8221;off&#8221; button_two_border_width__hover_enabled=&#8221;off&#8221; button_border_color__hover_enabled=&#8221;off&#8221; button_one_border_color__hover_enabled=&#8221;off&#8221; button_two_border_color__hover_enabled=&#8221;off&#8221; button_border_radius__hover_enabled=&#8221;off&#8221; button_one_border_radius__hover_enabled=&#8221;off&#8221; button_two_border_radius__hover_enabled=&#8221;off&#8221; button_letter_spacing__hover_enabled=&#8221;off&#8221; button_one_letter_spacing__hover_enabled=&#8221;off&#8221; button_two_letter_spacing__hover_enabled=&#8221;off&#8221; button_bg_color__hover_enabled=&#8221;on&#8221; button_bg_color__hover=&#8221;#4159a0&#8243; button_one_bg_color__hover_enabled=&#8221;off&#8221; button_two_bg_color__hover_enabled=&#8221;off&#8221;]<\/p>\n<h1>About Anthony<\/h1>\n<h3>Business CoacH<\/h3>\n<p>Lorem ipsum dolor sit amet, consectetur adipiscing elit, sed do eiusmod tempor incididunt ut labore et dolore magna aliqua. Ut enim ad minim veniam. Lorem ipsum dolor sit amet, cons<\/p>\n<p>[\/et_pb_button][\/et_pb_column][et_pb_column type=&#8221;1_2&#8243; _builder_version=&#8221;4.16&#8243; background_color_gradient_start=&#8221;#3550a0&#8243; background_color_gradient_start_position=&#8221;25%&#8221; background_color_gradient_end=&#8221;rgba(240,242,246,0)&#8221; background_color_gradient_end_position=&#8221;25%&#8221; custom_padding=&#8221;|||&#8221; custom_padding_tablet=&#8221;|0px||0px|false|true&#8221; global_colors_info=&#8221;{}&#8221; padding_tablet=&#8221;|0px||0px|false|true&#8221; custom_padding__hover=&#8221;|||&#8221;][et_pb_image src=&#8221;http:\/\/perforacioneseingenieria.com.co\/wp-content\/uploads\/2025\/07\/465581697_10222308889669876_383003951565747741_n.jpg&#8221; title_text=&#8221;465581697_10222308889669876_383003951565747741_n&#8221; align_tablet=&#8221;center&#8221; align_phone=&#8221;center&#8221; align_last_edited=&#8221;on|desktop&#8221; _builder_version=&#8221;4.27.4&#8243; use_background_color_gradient=&#8221;on&#8221; background_color_gradient_stops=&#8221;#e02b20 0%|#e02b20 25%|rgba(240,242,246,0) 25%&#8221; background_color_gradient_start=&#8221;#3550a0&#8243; background_color_gradient_start_position=&#8221;25%&#8221; background_color_gradient_end=&#8221;rgba(240,242,246,0)&#8221; background_color_gradient_end_position=&#8221;25%&#8221; width=&#8221;99.7%&#8221; max_width_last_edited=&#8221;off|desktop&#8221; custom_padding=&#8221;|||60px&#8221; animation_style=&#8221;slide&#8221; animation_direction=&#8221;top&#8221; animation_intensity_slide=&#8221;1%&#8221; box_shadow_style=&#8221;preset4&#8243; box_shadow_horizontal=&#8221;120px&#8221; box_shadow_vertical=&#8221;120px&#8221; box_shadow_spread=&#8221;-60px&#8221; box_shadow_color=&#8221;#f0f2f6&#8243; global_colors_info=&#8221;{}&#8221;][\/et_pb_image][\/et_pb_column][\/et_pb_row][\/et_pb_section][et_pb_section fb_built=&#8221;1&#8243; admin_label=&#8221;About&#8221; _builder_version=&#8221;4.27.4&#8243; background_color=&#8221;#171717&#8243; custom_padding=&#8221;90px|0px|54px|0px|false|false&#8221; global_colors_info=&#8221;{}&#8221;][et_pb_row column_structure=&#8221;1_3,2_3&#8243; _builder_version=&#8221;4.16&#8243; global_colors_info=&#8221;{}&#8221;][et_pb_column type=&#8221;1_3&#8243; _builder_version=&#8221;4.16&#8243; custom_padding=&#8221;|||&#8221; global_colors_info=&#8221;{}&#8221; custom_padding__hover=&#8221;|||&#8221;][et_pb_image src=&#8221;http:\/\/perforacioneseingenieria.com.co\/wp-content\/uploads\/2025\/05\/Untitled-1-03.png&#8221; title_text=&#8221;Untitled-1-03&#8243; force_fullwidth=&#8221;on&#8221; _builder_version=&#8221;4.27.4&#8243; _module_preset=&#8221;default&#8221; global_colors_info=&#8221;{}&#8221;][\/et_pb_image][\/et_pb_column][et_pb_column type=&#8221;2_3&#8243; _builder_version=&#8221;4.16&#8243; custom_padding=&#8221;|||&#8221; global_colors_info=&#8221;{}&#8221; custom_padding__hover=&#8221;|||&#8221;][et_pb_text _builder_version=&#8221;4.27.4&#8243; text_font=&#8221;Red Hat Display||||||||&#8221; text_text_color=&#8221;#FFFFFF&#8221; text_font_size=&#8221;16px&#8221; text_line_height=&#8221;1.9em&#8221; header_font=&#8221;Red Hat Display|900|||||||&#8221; header_text_color=&#8221;#FFFFFF&#8221; header_2_font=&#8221;|700|||||||&#8221; header_2_font_size=&#8221;35px&#8221; header_2_line_height=&#8221;1.5em&#8221; header_6_font=&#8221;||||||||&#8221; max_width=&#8221;600px&#8221; max_width_last_edited=&#8221;off|desktop&#8221; module_alignment=&#8221;center&#8221; custom_margin=&#8221;|||&#8221; custom_padding=&#8221;|||&#8221; header_2_font_size_tablet=&#8221;30px&#8221; header_2_font_size_phone=&#8221;24px&#8221; header_2_font_size_last_edited=&#8221;on|phone&#8221; global_colors_info=&#8221;{}&#8221;]<\/p>\n<h2 style=\"text-align: justify;\"><span style=\"color: #ffffff;\">Nos destacamos por la ejecuci\u00f3n eficiente, precisa y responsable de proyectos en todo el territorio nacional e internacional, a trav\u00e9s de m\u00e9todos sin zanja como:<\/span><\/h2>\n<ul data-start=\"577\" data-end=\"748\">\n<li data-start=\"577\" data-end=\"618\">\n<p data-start=\"579\" data-end=\"618\"><span style=\"color: #ffffff;\">Perforaci\u00f3n Horizontal Dirigida (HDD)<\/span><\/p>\n<\/li>\n<li data-start=\"619\" data-end=\"654\">\n<p data-start=\"621\" data-end=\"654\"><span style=\"color: #ffffff;\">Perforaci\u00f3n con Sistema Ramming<\/span><\/p>\n<\/li>\n<li data-start=\"655\" data-end=\"687\">\n<p data-start=\"657\" data-end=\"687\"><span style=\"color: #ffffff;\">Construcci\u00f3n de Tunnel Liner<\/span><\/p>\n<\/li>\n<li data-start=\"688\" data-end=\"704\">\n<p data-start=\"690\" data-end=\"704\"><span style=\"color: #ffffff;\">Auger Boring<\/span><\/p>\n<\/li>\n<li data-start=\"705\" data-end=\"722\">\n<p data-start=\"707\" data-end=\"722\"><span style=\"color: #ffffff;\">Pipe Bursting<\/span><\/p>\n<\/li>\n<li data-start=\"723\" data-end=\"748\">\n<p data-start=\"725\" data-end=\"748\"><span style=\"color: #ffffff;\">Anclajes y Drenes Topos<\/span><\/p>\n<\/li>\n<\/ul>\n<p data-start=\"750\" data-end=\"906\"><span style=\"color: #ffffff;\">Contamos con un equipo altamente calificado, maquinaria especializada y una trayectoria reconocida por su solidez, cumplimiento y compromiso con la calidad.<\/span><\/p>\n<p>[\/et_pb_text][\/et_pb_column][\/et_pb_row][et_pb_row _builder_version=&#8221;4.27.4&#8243; width=&#8221;93%&#8221; max_width=&#8221;1600px&#8221; hover_enabled=&#8221;0&#8243; locked=&#8221;off&#8221; global_colors_info=&#8221;{}&#8221; column_structure=&#8221;3_5,2_5&#8243; sticky_enabled=&#8221;0&#8243;][et_pb_column type=&#8221;3_5&#8243; _builder_version=&#8221;4.16&#8243; custom_padding=&#8221;|||&#8221; global_colors_info=&#8221;{}&#8221; custom_padding__hover=&#8221;|||&#8221;][et_pb_text _builder_version=&#8221;4.27.4&#8243; text_font=&#8221;Red Hat Display|700|||||||&#8221; text_text_color=&#8221;#e13134&#8243; text_font_size=&#8221;40px&#8221; text_line_height=&#8221;1.5em&#8221; header_font=&#8221;Red Hat Display||||||||&#8221; text_orientation=&#8221;center&#8221; module_alignment=&#8221;center&#8221; text_font_size_tablet=&#8221;30px&#8221; text_font_size_phone=&#8221;24px&#8221; text_font_size_last_edited=&#8221;on|desktop&#8221; global_colors_info=&#8221;{}&#8221;]<\/p>\n<p>En <span style=\"color: #ffffff;\">Perforaciones e Ingenier\u00eda S.A.S.<\/span>, brindamos servicios especializados en perforaci\u00f3n subterr\u00e1nea para l\u00edneas de conducci\u00f3n y obras civiles, con un equipo competente que garantiza cumplimiento, seguridad y excelencia. Nos enfocamos en la mejora continua, el respeto por el medio ambiente y la total satisfacci\u00f3n de nuestros clientes.<\/p>\n<p>[\/et_pb_text][\/et_pb_column][et_pb_column type=&#8221;2_5&#8243; _builder_version=&#8221;4.16&#8243; custom_padding=&#8221;|||&#8221; global_colors_info=&#8221;{}&#8221; custom_padding__hover=&#8221;|||&#8221;][et_pb_image src=&#8221;http:\/\/perforacioneseingenieria.com.co\/wp-content\/uploads\/2025\/08\/WhatsApp-Image-2025-07-31-at-15.31.26.jpeg&#8221; _builder_version=&#8221;4.27.4&#8243; _module_preset=&#8221;default&#8221; title_text=&#8221;WhatsApp Image 2025-07-31 at 15.31.26&#8243; max_height=&#8221;580px&#8221; align=&#8221;center&#8221; hover_enabled=&#8221;0&#8243; sticky_enabled=&#8221;0&#8243;][\/et_pb_image][\/et_pb_column][\/et_pb_row][\/et_pb_section]<\/p>\n","protected":false},"excerpt":{"rendered":"<p>Nosotros Perforaciones e Ingenier\u00eda S.A.S. es una empresa colombiana fundada por ingenieros civiles con el objetivo de ofrecer soluciones especializadas en perforaci\u00f3n subterr\u00e1nea utilizando tecnolog\u00eda de vanguardia.About Anthony Business CoacH Lorem ipsum dolor sit amet, consectetur adipiscing elit, sed do eiusmod tempor incididunt ut labore et dolore magna aliqua. Ut enim ad minim veniam. Lorem ipsum dolor sit amet, consNos destacamos por la ejecuci\u00f3n eficiente, precisa y responsable de proyectos en todo el territorio nacional e internacional, a trav\u00e9s de m\u00e9todos sin zanja como: Perforaci\u00f3n Horizontal Dirigida (HDD) Perforaci\u00f3n con Sistema Ramming Construcci\u00f3n de Tunnel Liner Auger Boring Pipe Bursting Anclajes y Drenes Topos Contamos con un equipo altamente calificado, maquinaria especializada y una trayectoria reconocida por su solidez, cumplimiento y compromiso con la calidad.En Perforaciones e Ingenier\u00eda S.A.S., brindamos servicios especializados en perforaci\u00f3n subterr\u00e1nea para l\u00edneas de conducci\u00f3n y obras civiles, con un equipo competente que garantiza cumplimiento, seguridad y excelencia. Nos enfocamos en la mejora continua, el respeto por el medio ambiente y la total satisfacci\u00f3n de nuestros clientes.<\/p>\n","protected":false},"author":2,"featured_media":0,"parent":0,"menu_order":0,"comment_status":"closed","ping_status":"closed","template":"","meta":{"_et_pb_use_builder":"on","_et_pb_old_content":"","_et_gb_content_width":"","_joinchat":[],"footnotes":""},"class_list":["post-154","page","type-page","status-publish","hentry"],"yoast_head":"<!-- This site is optimized with the Yoast SEO plugin v27.4 - https:\/\/yoast.com\/product\/yoast-seo-wordpress\/ -->\n<title>Nosotros | perforacioneseingenieria.com.co<\/title>\n<meta name=\"robots\" content=\"index, follow, max-snippet:-1, max-image-preview:large, max-video-preview:-1\" \/>\n<link rel=\"canonical\" href=\"https:\/\/perforacioneseingenieriavenezuela.com\/?page_id=154\" \/>\n<meta property=\"og:locale\" content=\"es_ES\" \/>\n<meta property=\"og:type\" content=\"article\" \/>\n<meta property=\"og:title\" content=\"Nosotros | perforacioneseingenieria.com.co\" \/>\n<meta property=\"og:description\" content=\"Nosotros Perforaciones e Ingenier\u00eda S.A.S. es una empresa colombiana fundada por ingenieros civiles con el objetivo de ofrecer soluciones especializadas en perforaci\u00f3n subterr\u00e1nea utilizando tecnolog\u00eda de vanguardia.About Anthony Business CoacH Lorem ipsum dolor sit amet, consectetur adipiscing elit, sed do eiusmod tempor incididunt ut labore et dolore magna aliqua. Ut enim ad minim veniam. Lorem ipsum dolor sit amet, consNos destacamos por la ejecuci\u00f3n eficiente, precisa y responsable de proyectos en todo el territorio nacional e internacional, a trav\u00e9s de m\u00e9todos sin zanja como: Perforaci\u00f3n Horizontal Dirigida (HDD) Perforaci\u00f3n con Sistema Ramming Construcci\u00f3n de Tunnel Liner Auger Boring Pipe Bursting Anclajes y Drenes Topos Contamos con un equipo altamente calificado, maquinaria especializada y una trayectoria reconocida por su solidez, cumplimiento y compromiso con la calidad.En Perforaciones e Ingenier\u00eda S.A.S., brindamos servicios especializados en perforaci\u00f3n subterr\u00e1nea para l\u00edneas de conducci\u00f3n y obras civiles, con un equipo competente que garantiza cumplimiento, seguridad y excelencia. Nos enfocamos en la mejora continua, el respeto por el medio ambiente y la total satisfacci\u00f3n de nuestros clientes.\" \/>\n<meta property=\"og:url\" content=\"https:\/\/perforacioneseingenieriavenezuela.com\/?page_id=154\" \/>\n<meta property=\"og:site_name\" content=\"perforacioneseingenieria.com.co\" \/>\n<meta property=\"article:publisher\" content=\"https:\/\/www.facebook.com\/perforaciones.sas\" \/>\n<meta property=\"article:modified_time\" content=\"2025-08-04T23:54:26+00:00\" \/>\n<meta name=\"twitter:card\" content=\"summary_large_image\" \/>\n<meta name=\"twitter:label1\" content=\"Est. reading time\" \/>\n\t<meta name=\"twitter:data1\" content=\"6 minutes\" \/>\n<script type=\"application\/ld+json\" class=\"yoast-schema-graph\">{\"@context\":\"https:\\\/\\\/schema.org\",\"@graph\":[{\"@type\":\"WebPage\",\"@id\":\"https:\\\/\\\/perforacioneseingenieriavenezuela.com\\\/?page_id=154\",\"url\":\"https:\\\/\\\/perforacioneseingenieriavenezuela.com\\\/?page_id=154\",\"name\":\"Nosotros | perforacioneseingenieria.com.co\",\"isPartOf\":{\"@id\":\"https:\\\/\\\/perforacioneseingenieriavenezuela.com\\\/#website\"},\"datePublished\":\"2023-04-17T17:03:02+00:00\",\"dateModified\":\"2025-08-04T23:54:26+00:00\",\"breadcrumb\":{\"@id\":\"https:\\\/\\\/perforacioneseingenieriavenezuela.com\\\/?page_id=154#breadcrumb\"},\"inLanguage\":\"es-ES\",\"potentialAction\":[{\"@type\":\"ReadAction\",\"target\":[\"https:\\\/\\\/perforacioneseingenieriavenezuela.com\\\/?page_id=154\"]}]},{\"@type\":\"BreadcrumbList\",\"@id\":\"https:\\\/\\\/perforacioneseingenieriavenezuela.com\\\/?page_id=154#breadcrumb\",\"itemListElement\":[{\"@type\":\"ListItem\",\"position\":1,\"name\":\"Inicio\",\"item\":\"https:\\\/\\\/perforacioneseingenieriavenezuela.com\\\/\"},{\"@type\":\"ListItem\",\"position\":2,\"name\":\"Nosotros\"}]},{\"@type\":\"WebSite\",\"@id\":\"https:\\\/\\\/perforacioneseingenieriavenezuela.com\\\/#website\",\"url\":\"https:\\\/\\\/perforacioneseingenieriavenezuela.com\\\/\",\"name\":\"\u25b7 Perforaciones e ingenier\u00eda llama ya \u260e\ufe0f3213678183\",\"description\":\"Perforaciones e ingenier\u00eda llama ya \u260e\ufe0f3213678183\",\"publisher\":{\"@id\":\"https:\\\/\\\/perforacioneseingenieriavenezuela.com\\\/#organization\"},\"alternateName\":\"Los expertos en Perforaciones e ingenier\u00eda\",\"potentialAction\":[{\"@type\":\"SearchAction\",\"target\":{\"@type\":\"EntryPoint\",\"urlTemplate\":\"https:\\\/\\\/perforacioneseingenieriavenezuela.com\\\/?s={search_term_string}\"},\"query-input\":{\"@type\":\"PropertyValueSpecification\",\"valueRequired\":true,\"valueName\":\"search_term_string\"}}],\"inLanguage\":\"es-ES\"},{\"@type\":\"Organization\",\"@id\":\"https:\\\/\\\/perforacioneseingenieriavenezuela.com\\\/#organization\",\"name\":\"\u25b7 Perforaciones e ingenier\u00eda llama ya \u260e\ufe0f3213678183\",\"url\":\"https:\\\/\\\/perforacioneseingenieriavenezuela.com\\\/\",\"logo\":{\"@type\":\"ImageObject\",\"inLanguage\":\"es-ES\",\"@id\":\"https:\\\/\\\/perforacioneseingenieriavenezuela.com\\\/#\\\/schema\\\/logo\\\/image\\\/\",\"url\":\"https:\\\/\\\/perforacioneseingenieriavenezuela.com\\\/wp-content\\\/uploads\\\/2023\\\/04\\\/cropped-Logo-Perforaciones-icon-01.webp\",\"contentUrl\":\"https:\\\/\\\/perforacioneseingenieriavenezuela.com\\\/wp-content\\\/uploads\\\/2023\\\/04\\\/cropped-Logo-Perforaciones-icon-01.webp\",\"width\":512,\"height\":512,\"caption\":\"\u25b7 Perforaciones e ingenier\u00eda llama ya \u260e\ufe0f3213678183\"},\"image\":{\"@id\":\"https:\\\/\\\/perforacioneseingenieriavenezuela.com\\\/#\\\/schema\\\/logo\\\/image\\\/\"},\"sameAs\":[\"https:\\\/\\\/www.facebook.com\\\/perforaciones.sas\",\"https:\\\/\\\/www.instagram.com\\\/perfoingesa\",\"https:\\\/\\\/www.youtube.com\\\/@perforacioneseingenieriasa2629\"]}]}<\/script>\n<!-- \/ Yoast SEO plugin. -->","yoast_head_json":{"title":"Nosotros | perforacioneseingenieria.com.co","robots":{"index":"index","follow":"follow","max-snippet":"max-snippet:-1","max-image-preview":"max-image-preview:large","max-video-preview":"max-video-preview:-1"},"canonical":"https:\/\/perforacioneseingenieriavenezuela.com\/?page_id=154","og_locale":"es_ES","og_type":"article","og_title":"Nosotros | perforacioneseingenieria.com.co","og_description":"Nosotros Perforaciones e Ingenier\u00eda S.A.S. es una empresa colombiana fundada por ingenieros civiles con el objetivo de ofrecer soluciones especializadas en perforaci\u00f3n subterr\u00e1nea utilizando tecnolog\u00eda de vanguardia.About Anthony Business CoacH Lorem ipsum dolor sit amet, consectetur adipiscing elit, sed do eiusmod tempor incididunt ut labore et dolore magna aliqua. Ut enim ad minim veniam. Lorem ipsum dolor sit amet, consNos destacamos por la ejecuci\u00f3n eficiente, precisa y responsable de proyectos en todo el territorio nacional e internacional, a trav\u00e9s de m\u00e9todos sin zanja como: Perforaci\u00f3n Horizontal Dirigida (HDD) Perforaci\u00f3n con Sistema Ramming Construcci\u00f3n de Tunnel Liner Auger Boring Pipe Bursting Anclajes y Drenes Topos Contamos con un equipo altamente calificado, maquinaria especializada y una trayectoria reconocida por su solidez, cumplimiento y compromiso con la calidad.En Perforaciones e Ingenier\u00eda S.A.S., brindamos servicios especializados en perforaci\u00f3n subterr\u00e1nea para l\u00edneas de conducci\u00f3n y obras civiles, con un equipo competente que garantiza cumplimiento, seguridad y excelencia. Nos enfocamos en la mejora continua, el respeto por el medio ambiente y la total satisfacci\u00f3n de nuestros clientes.","og_url":"https:\/\/perforacioneseingenieriavenezuela.com\/?page_id=154","og_site_name":"perforacioneseingenieria.com.co","article_publisher":"https:\/\/www.facebook.com\/perforaciones.sas","article_modified_time":"2025-08-04T23:54:26+00:00","twitter_card":"summary_large_image","twitter_misc":{"Est. reading time":"6 minutes"},"schema":{"@context":"https:\/\/schema.org","@graph":[{"@type":"WebPage","@id":"https:\/\/perforacioneseingenieriavenezuela.com\/?page_id=154","url":"https:\/\/perforacioneseingenieriavenezuela.com\/?page_id=154","name":"Nosotros | perforacioneseingenieria.com.co","isPartOf":{"@id":"https:\/\/perforacioneseingenieriavenezuela.com\/#website"},"datePublished":"2023-04-17T17:03:02+00:00","dateModified":"2025-08-04T23:54:26+00:00","breadcrumb":{"@id":"https:\/\/perforacioneseingenieriavenezuela.com\/?page_id=154#breadcrumb"},"inLanguage":"es-ES","potentialAction":[{"@type":"ReadAction","target":["https:\/\/perforacioneseingenieriavenezuela.com\/?page_id=154"]}]},{"@type":"BreadcrumbList","@id":"https:\/\/perforacioneseingenieriavenezuela.com\/?page_id=154#breadcrumb","itemListElement":[{"@type":"ListItem","position":1,"name":"Inicio","item":"https:\/\/perforacioneseingenieriavenezuela.com\/"},{"@type":"ListItem","position":2,"name":"Nosotros"}]},{"@type":"WebSite","@id":"https:\/\/perforacioneseingenieriavenezuela.com\/#website","url":"https:\/\/perforacioneseingenieriavenezuela.com\/","name":"\u25b7 Perforaciones e ingenier\u00eda llama ya \u260e\ufe0f3213678183","description":"Perforaciones e ingenier\u00eda llama ya \u260e\ufe0f3213678183","publisher":{"@id":"https:\/\/perforacioneseingenieriavenezuela.com\/#organization"},"alternateName":"Los expertos en Perforaciones e ingenier\u00eda","potentialAction":[{"@type":"SearchAction","target":{"@type":"EntryPoint","urlTemplate":"https:\/\/perforacioneseingenieriavenezuela.com\/?s={search_term_string}"},"query-input":{"@type":"PropertyValueSpecification","valueRequired":true,"valueName":"search_term_string"}}],"inLanguage":"es-ES"},{"@type":"Organization","@id":"https:\/\/perforacioneseingenieriavenezuela.com\/#organization","name":"\u25b7 Perforaciones e ingenier\u00eda llama ya \u260e\ufe0f3213678183","url":"https:\/\/perforacioneseingenieriavenezuela.com\/","logo":{"@type":"ImageObject","inLanguage":"es-ES","@id":"https:\/\/perforacioneseingenieriavenezuela.com\/#\/schema\/logo\/image\/","url":"https:\/\/perforacioneseingenieriavenezuela.com\/wp-content\/uploads\/2023\/04\/cropped-Logo-Perforaciones-icon-01.webp","contentUrl":"https:\/\/perforacioneseingenieriavenezuela.com\/wp-content\/uploads\/2023\/04\/cropped-Logo-Perforaciones-icon-01.webp","width":512,"height":512,"caption":"\u25b7 Perforaciones e ingenier\u00eda llama ya \u260e\ufe0f3213678183"},"image":{"@id":"https:\/\/perforacioneseingenieriavenezuela.com\/#\/schema\/logo\/image\/"},"sameAs":["https:\/\/www.facebook.com\/perforaciones.sas","https:\/\/www.instagram.com\/perfoingesa","https:\/\/www.youtube.com\/@perforacioneseingenieriasa2629"]}]}},"_hostinger_reach_plugin_has_subscription_block":false,"_hostinger_reach_plugin_is_elementor":false,"_links":{"self":[{"href":"https:\/\/perforacioneseingenieriavenezuela.com\/index.php?rest_route=\/wp\/v2\/pages\/154","targetHints":{"allow":["GET"]}}],"collection":[{"href":"https:\/\/perforacioneseingenieriavenezuela.com\/index.php?rest_route=\/wp\/v2\/pages"}],"about":[{"href":"https:\/\/perforacioneseingenieriavenezuela.com\/index.php?rest_route=\/wp\/v2\/types\/page"}],"author":[{"embeddable":true,"href":"https:\/\/perforacioneseingenieriavenezuela.com\/index.php?rest_route=\/wp\/v2\/users\/2"}],"replies":[{"embeddable":true,"href":"https:\/\/perforacioneseingenieriavenezuela.com\/index.php?rest_route=%2Fwp%2Fv2%2Fcomments&post=154"}],"version-history":[{"count":15,"href":"https:\/\/perforacioneseingenieriavenezuela.com\/index.php?rest_route=\/wp\/v2\/pages\/154\/revisions"}],"predecessor-version":[{"id":2934,"href":"https:\/\/perforacioneseingenieriavenezuela.com\/index.php?rest_route=\/wp\/v2\/pages\/154\/revisions\/2934"}],"wp:attachment":[{"href":"https:\/\/perforacioneseingenieriavenezuela.com\/index.php?rest_route=%2Fwp%2Fv2%2Fmedia&parent=154"}],"curies":[{"name":"wp","href":"https:\/\/api.w.org\/{rel}","templated":true}]}}