{"id":162,"date":"2023-04-17T13:26:11","date_gmt":"2023-04-17T18:26:11","guid":{"rendered":"https:\/\/perforacioneseingenieria.com.co\/?page_id=162"},"modified":"2026-03-26T12:34:15","modified_gmt":"2026-03-26T17:34:15","slug":"contactenos","status":"publish","type":"page","link":"https:\/\/perforacioneseingenieriavenezuela.com\/?page_id=162","title":{"rendered":"Contactenos"},"content":{"rendered":"<p>[et_pb_section fb_built=&#8221;1&#8243; admin_label=&#8221;Header&#8221; _builder_version=&#8221;4.23.1&#8243; _module_preset=&#8221;default&#8221; background_enable_color=&#8221;off&#8221; custom_padding=&#8221;||||false|false&#8221; locked=&#8221;off&#8221; collapsed=&#8221;on&#8221; global_colors_info=&#8221;{%22gcid-af6245ea-df40-48a8-9687-67293107dc0c%22:%91%22background_color%22%93}&#8221;][et_pb_row _builder_version=&#8221;4.23.1&#8243; _module_preset=&#8221;default&#8221; max_width=&#8221;750px&#8221; global_colors_info=&#8221;{}&#8221;][et_pb_column type=&#8221;4_4&#8243; _builder_version=&#8221;4.20.0&#8243; _module_preset=&#8221;default&#8221; global_colors_info=&#8221;{}&#8221;][et_pb_text _builder_version=&#8221;4.23.1&#8243; _module_preset=&#8221;b56ba22e-db4b-456f-bb63-9e8099b43786&#8243; header_text_color=&#8221;#FFFFFF&#8221; text_orientation=&#8221;center&#8221; module_alignment=&#8221;center&#8221; custom_margin=&#8221;||10px||false|false&#8221; locked=&#8221;off&#8221; global_colors_info=&#8221;{}&#8221;]<\/p>\n<h1><span style=\"color: #000000;\">CONTACTENOS<\/span><\/h1>\n<p>[\/et_pb_text][et_pb_text _builder_version=&#8221;4.23.1&#8243; _module_preset=&#8221;c97e3dad-dd62-4ffb-9d62-78a42dd5bc76&#8243; text_text_color=&#8221;rgba(255,255,255,0.7)&#8221; text_orientation=&#8221;center&#8221; global_colors_info=&#8221;{}&#8221;]<\/p>\n<p><span style=\"color: #000000;\">Nuestro equipo esta listo para apoyarlo en su proyecto<\/span><\/p>\n<p>[\/et_pb_text][et_pb_contact_form captcha=&#8221;off&#8221; email=&#8221;perforacioneseingenieria@gmail.com&#8221; success_message=&#8221;Enviar&#8221; submit_button_text=&#8221;Enviar&#8221; _builder_version=&#8221;4.27.4&#8243; _module_preset=&#8221;6ee6682a-6a97-4b5f-bea4-8604e8616f5b&#8221; form_field_background_color=&#8221;#FFFFFF&#8221; form_field_text_color=&#8221;rgba(0,0,0,0.68)&#8221; form_field_focus_background_color=&#8221;rgba(0,0,0,0.55)&#8221; title_text_color=&#8221;#000000&#8243; captcha_text_color=&#8221;#000000&#8243; button_text_color=&#8221;#FFFFFF&#8221; button_bg_color=&#8221;#E02B20&#8243; locked=&#8221;off&#8221; global_colors_info=&#8221;{%22gcid-8cdb4e16-0e89-4c38-b30b-9fe41127e3f5%22:%91%22button_bg_color%22%93}&#8221;][et_pb_contact_field field_id=&#8221;Nombre&#8221; field_title=&#8221;Nombre&#8221; fullwidth_field=&#8221;on&#8221; _builder_version=&#8221;4.23.1&#8243; _module_preset=&#8221;default&#8221; border_color_all=&#8221;#000000&#8243; global_colors_info=&#8221;{}&#8221; button_text_size__hover_enabled=&#8221;off&#8221; button_one_text_size__hover_enabled=&#8221;off&#8221; button_two_text_size__hover_enabled=&#8221;off&#8221; button_text_color__hover_enabled=&#8221;off&#8221; button_one_text_color__hover_enabled=&#8221;off&#8221; button_two_text_color__hover_enabled=&#8221;off&#8221; button_border_width__hover_enabled=&#8221;off&#8221; button_one_border_width__hover_enabled=&#8221;off&#8221; button_two_border_width__hover_enabled=&#8221;off&#8221; button_border_color__hover_enabled=&#8221;off&#8221; button_one_border_color__hover_enabled=&#8221;off&#8221; button_two_border_color__hover_enabled=&#8221;off&#8221; button_border_radius__hover_enabled=&#8221;off&#8221; button_one_border_radius__hover_enabled=&#8221;off&#8221; button_two_border_radius__hover_enabled=&#8221;off&#8221; button_letter_spacing__hover_enabled=&#8221;off&#8221; button_one_letter_spacing__hover_enabled=&#8221;off&#8221; button_two_letter_spacing__hover_enabled=&#8221;off&#8221; button_bg_color__hover_enabled=&#8221;off&#8221; button_one_bg_color__hover_enabled=&#8221;off&#8221; button_two_bg_color__hover_enabled=&#8221;off&#8221;][\/et_pb_contact_field][et_pb_contact_field field_id=&#8221;Email&#8221; field_title=&#8221;Email Address&#8221; field_type=&#8221;email&#8221; fullwidth_field=&#8221;on&#8221; _builder_version=&#8221;4.27.4&#8243; _module_preset=&#8221;default&#8221; border_color_all=&#8221;#000000&#8243; global_colors_info=&#8221;{}&#8221; button_text_size__hover_enabled=&#8221;off&#8221; button_one_text_size__hover_enabled=&#8221;off&#8221; button_two_text_size__hover_enabled=&#8221;off&#8221; button_text_color__hover_enabled=&#8221;off&#8221; button_one_text_color__hover_enabled=&#8221;off&#8221; button_two_text_color__hover_enabled=&#8221;off&#8221; button_border_width__hover_enabled=&#8221;off&#8221; button_one_border_width__hover_enabled=&#8221;off&#8221; button_two_border_width__hover_enabled=&#8221;off&#8221; button_border_color__hover_enabled=&#8221;off&#8221; button_one_border_color__hover_enabled=&#8221;off&#8221; button_two_border_color__hover_enabled=&#8221;off&#8221; button_border_radius__hover_enabled=&#8221;off&#8221; button_one_border_radius__hover_enabled=&#8221;off&#8221; button_two_border_radius__hover_enabled=&#8221;off&#8221; button_letter_spacing__hover_enabled=&#8221;off&#8221; button_one_letter_spacing__hover_enabled=&#8221;off&#8221; button_two_letter_spacing__hover_enabled=&#8221;off&#8221; button_bg_color__hover_enabled=&#8221;off&#8221; button_one_bg_color__hover_enabled=&#8221;off&#8221; button_two_bg_color__hover_enabled=&#8221;off&#8221;][\/et_pb_contact_field][et_pb_contact_field field_id=&#8221;Mensaje&#8221; field_title=&#8221;Mensaje&#8221; field_type=&#8221;text&#8221; fullwidth_field=&#8221;on&#8221; _builder_version=&#8221;4.27.4&#8243; _module_preset=&#8221;default&#8221; border_color_all=&#8221;#000000&#8243; global_colors_info=&#8221;{}&#8221; button_text_size__hover_enabled=&#8221;off&#8221; button_one_text_size__hover_enabled=&#8221;off&#8221; button_two_text_size__hover_enabled=&#8221;off&#8221; button_text_color__hover_enabled=&#8221;off&#8221; button_one_text_color__hover_enabled=&#8221;off&#8221; button_two_text_color__hover_enabled=&#8221;off&#8221; button_border_width__hover_enabled=&#8221;off&#8221; button_one_border_width__hover_enabled=&#8221;off&#8221; button_two_border_width__hover_enabled=&#8221;off&#8221; button_border_color__hover_enabled=&#8221;off&#8221; button_one_border_color__hover_enabled=&#8221;off&#8221; button_two_border_color__hover_enabled=&#8221;off&#8221; button_border_radius__hover_enabled=&#8221;off&#8221; button_one_border_radius__hover_enabled=&#8221;off&#8221; button_two_border_radius__hover_enabled=&#8221;off&#8221; button_letter_spacing__hover_enabled=&#8221;off&#8221; button_one_letter_spacing__hover_enabled=&#8221;off&#8221; button_two_letter_spacing__hover_enabled=&#8221;off&#8221; button_bg_color__hover_enabled=&#8221;off&#8221; button_one_bg_color__hover_enabled=&#8221;off&#8221; button_two_bg_color__hover_enabled=&#8221;off&#8221;][\/et_pb_contact_field][\/et_pb_contact_form][\/et_pb_column][\/et_pb_row][et_pb_row column_structure=&#8221;1_3,1_3,1_3&#8243; use_custom_gutter=&#8221;on&#8221; gutter_width=&#8221;2&#8243; make_equal=&#8221;on&#8221; _builder_version=&#8221;4.23.1&#8243; _module_preset=&#8221;default&#8221; locked=&#8221;off&#8221; global_colors_info=&#8221;{}&#8221;][et_pb_column type=&#8221;1_3&#8243; _builder_version=&#8221;4.23.1&#8243; _module_preset=&#8221;default&#8221; custom_padding=&#8221;50px|30px|50px|30px|true|true&#8221; border_radii=&#8221;on|10px|10px|10px|10px&#8221; border_width_all=&#8221;2px&#8221; border_color_all=&#8221;gcid-aa5ce8f4-a042-4184-8a76-3f3d083cef18&#8243; global_colors_info=&#8221;{%22gcid-aa5ce8f4-a042-4184-8a76-3f3d083cef18%22:%91%22border_color_all%22%93}&#8221; border_color_all__hover_enabled=&#8221;on|hover&#8221; border_color_all__hover=&#8221;#E02B20&#8243;][et_pb_icon font_icon=&#8221;&#xe076;||divi||400&#8243; icon_color=&#8221;gcid-8cdb4e16-0e89-4c38-b30b-9fe41127e3f5&#8243; icon_width=&#8221;32px&#8221; _builder_version=&#8221;4.23.1&#8243; _module_preset=&#8221;default&#8221; global_colors_info=&#8221;{%22gcid-8cdb4e16-0e89-4c38-b30b-9fe41127e3f5%22:%91%22icon_color%22%93}&#8221;][\/et_pb_icon][et_pb_text _builder_version=&#8221;4.23.1&#8243; _module_preset=&#8221;4f0c99ac-d016-4b2a-88e0-008ee75f3b07&#8243; header_3_text_color=&#8221;#FFFFFF&#8221; text_orientation=&#8221;center&#8221; custom_margin=&#8221;||0px||false|false&#8221; global_colors_info=&#8221;{}&#8221;]<\/p>\n<h3><span style=\"color: #000000;\">Correo electr\u00f3nico<\/span><\/h3>\n<p>[\/et_pb_text][et_pb_text _builder_version=&#8221;4.23.1&#8243; _module_preset=&#8221;0ef12240-be6a-43e6-85ef-7d945494b067&#8243; text_text_color=&#8221;rgba(255,255,255,0.7)&#8221; link_text_color=&#8221;rgba(255,255,255,0.7)&#8221; text_orientation=&#8221;center&#8221; global_colors_info=&#8221;{}&#8221;]<\/p>\n<p><span style=\"color: #000000;\">perforacioneseingenieria@gmail.com<\/span><\/p>\n<p>[\/et_pb_text][\/et_pb_column][et_pb_column type=&#8221;1_3&#8243; _builder_version=&#8221;4.23.1&#8243; _module_preset=&#8221;default&#8221; custom_padding=&#8221;50px|30px|50px|30px|true|true&#8221; border_radii=&#8221;on|10px|10px|10px|10px&#8221; border_width_all=&#8221;2px&#8221; border_color_all=&#8221;gcid-aa5ce8f4-a042-4184-8a76-3f3d083cef18&#8243; global_colors_info=&#8221;{%22gcid-aa5ce8f4-a042-4184-8a76-3f3d083cef18%22:%91%22border_color_all%22%93}&#8221; border_color_all__hover_enabled=&#8221;on|hover&#8221; border_color_all__hover=&#8221;#E02B20&#8243;][et_pb_icon font_icon=&#8221;&#xe090;||divi||400&#8243; icon_color=&#8221;gcid-8cdb4e16-0e89-4c38-b30b-9fe41127e3f5&#8243; icon_width=&#8221;32px&#8221; _builder_version=&#8221;4.20.0&#8243; _module_preset=&#8221;default&#8221; locked=&#8221;off&#8221; global_colors_info=&#8221;{%22gcid-8cdb4e16-0e89-4c38-b30b-9fe41127e3f5%22:%91%22icon_color%22%93}&#8221;][\/et_pb_icon][et_pb_text _builder_version=&#8221;4.23.1&#8243; _module_preset=&#8221;4f0c99ac-d016-4b2a-88e0-008ee75f3b07&#8243; header_3_text_color=&#8221;#FFFFFF&#8221; text_orientation=&#8221;center&#8221; custom_margin=&#8221;||0px||false|false&#8221; locked=&#8221;off&#8221; global_colors_info=&#8221;{}&#8221;]<\/p>\n<h3><span style=\"color: #000000;\">Tel\u00e9fono o Whatsapp<\/span><\/h3>\n<p>[\/et_pb_text][et_pb_text _builder_version=&#8221;4.27.4&#8243; _module_preset=&#8221;0ef12240-be6a-43e6-85ef-7d945494b067&#8243; text_text_color=&#8221;#000000&#8243; link_text_color=&#8221;rgba(255,255,255,0.7)&#8221; text_orientation=&#8221;center&#8221; hover_enabled=&#8221;0&#8243; locked=&#8221;off&#8221; global_colors_info=&#8221;{}&#8221; sticky_enabled=&#8221;0&#8243; header_font=&#8221;Red Hat Display||||||||&#8221; header_text_color=&#8221;#000000&#8243;]<\/p>\n<p><a href=\"https:\/\/wa.me\/584125964654\"><span style=\"color: #000000;\">+58 412-5964654<\/span><\/a><\/p>\n<p>&nbsp;<\/p>\n<p>[\/et_pb_text][\/et_pb_column][et_pb_column type=&#8221;1_3&#8243; _builder_version=&#8221;4.23.1&#8243; _module_preset=&#8221;default&#8221; custom_padding=&#8221;50px|30px|50px|30px|true|true&#8221; border_radii=&#8221;on|10px|10px|10px|10px&#8221; border_width_all=&#8221;2px&#8221; border_color_all=&#8221;gcid-aa5ce8f4-a042-4184-8a76-3f3d083cef18&#8243; global_colors_info=&#8221;{%22gcid-aa5ce8f4-a042-4184-8a76-3f3d083cef18%22:%91%22border_color_all%22%93}&#8221; border_color_all__hover_enabled=&#8221;on|hover&#8221; border_color_all__hover=&#8221;#E02B20&#8243;][et_pb_icon font_icon=&#8221;&#xe081;||divi||400&#8243; icon_color=&#8221;gcid-8cdb4e16-0e89-4c38-b30b-9fe41127e3f5&#8243; icon_width=&#8221;32px&#8221; _builder_version=&#8221;4.23.1&#8243; _module_preset=&#8221;default&#8221; locked=&#8221;off&#8221; global_colors_info=&#8221;{%22gcid-8cdb4e16-0e89-4c38-b30b-9fe41127e3f5%22:%91%22icon_color%22%93}&#8221;][\/et_pb_icon][et_pb_text _builder_version=&#8221;4.23.1&#8243; _module_preset=&#8221;4f0c99ac-d016-4b2a-88e0-008ee75f3b07&#8243; header_3_text_color=&#8221;#FFFFFF&#8221; text_orientation=&#8221;center&#8221; custom_margin=&#8221;||0px||false|false&#8221; locked=&#8221;off&#8221; global_colors_info=&#8221;{}&#8221;]<\/p>\n<h3><span style=\"color: #000000;\">Direcci\u00f3n<\/span><\/h3>\n<p>[\/et_pb_text][et_pb_text _builder_version=&#8221;4.27.4&#8243; _module_preset=&#8221;0ef12240-be6a-43e6-85ef-7d945494b067&#8243; text_text_color=&#8221;rgba(255,255,255,0.7)&#8221; link_text_color=&#8221;rgba(255,255,255,0.7)&#8221; text_orientation=&#8221;center&#8221; hover_enabled=&#8221;0&#8243; locked=&#8221;off&#8221; global_colors_info=&#8221;{}&#8221; sticky_enabled=&#8221;0&#8243;]<\/p>\n<p style=\"text-align: center;\"><span style=\"color: #000000;\">C.C. Paseo El Hatillo, piso 8 oficina 801. Avenida Sir La Lagunita<\/span><\/p>\n<p style=\"text-align: center;\">[\/et_pb_text][et_pb_text _builder_version=&#8221;4.27.4&#8243; _module_preset=&#8221;0ef12240-be6a-43e6-85ef-7d945494b067&#8243; text_text_color=&#8221;rgba(255,255,255,0.7)&#8221; link_text_color=&#8221;rgba(255,255,255,0.7)&#8221; text_orientation=&#8221;center&#8221; locked=&#8221;off&#8221; global_colors_info=&#8221;{}&#8221;][\/et_pb_text][\/et_pb_column][\/et_pb_row][\/et_pb_section]<\/p>\n","protected":false},"excerpt":{"rendered":"<p>CONTACTENOSNuestro equipo esta listo para apoyarlo en su proyectoCorreo electr\u00f3nicoperforacioneseingenieria@gmail.comTel\u00e9fono o Whatsapp+58 412-5964654 &nbsp;Direcci\u00f3nC.C. Paseo El Hatillo, piso 8 oficina 801. Avenida Sir La Lagunita<\/p>\n","protected":false},"author":2,"featured_media":0,"parent":0,"menu_order":0,"comment_status":"closed","ping_status":"closed","template":"","meta":{"_et_pb_use_builder":"on","_et_pb_old_content":"","_et_gb_content_width":"","_joinchat":[],"footnotes":""},"class_list":["post-162","page","type-page","status-publish","hentry"],"yoast_head":"<!-- This site is optimized with the Yoast SEO plugin v27.4 - https:\/\/yoast.com\/product\/yoast-seo-wordpress\/ -->\n<title>Contactenos | perforacioneseingenieria.com.co<\/title>\n<meta name=\"robots\" content=\"index, follow, max-snippet:-1, max-image-preview:large, max-video-preview:-1\" \/>\n<link rel=\"canonical\" href=\"https:\/\/perforacioneseingenieriavenezuela.com\/?page_id=162\" \/>\n<meta property=\"og:locale\" content=\"es_ES\" \/>\n<meta property=\"og:type\" content=\"article\" \/>\n<meta property=\"og:title\" content=\"Contactenos | perforacioneseingenieria.com.co\" \/>\n<meta property=\"og:description\" content=\"CONTACTENOSNuestro equipo esta listo para apoyarlo en su proyectoCorreo electr\u00f3nicoperforacioneseingenieria@gmail.comTel\u00e9fono o Whatsapp+58 412-5964654 &nbsp;Direcci\u00f3nC.C. Paseo El Hatillo, piso 8 oficina 801. Avenida Sir La Lagunita\" \/>\n<meta property=\"og:url\" content=\"https:\/\/perforacioneseingenieriavenezuela.com\/?page_id=162\" \/>\n<meta property=\"og:site_name\" content=\"perforacioneseingenieria.com.co\" \/>\n<meta property=\"article:publisher\" content=\"https:\/\/www.facebook.com\/perforaciones.sas\" \/>\n<meta property=\"article:modified_time\" content=\"2026-03-26T17:34:15+00:00\" \/>\n<meta name=\"twitter:card\" content=\"summary_large_image\" \/>\n<meta name=\"twitter:label1\" content=\"Est. reading time\" \/>\n\t<meta name=\"twitter:data1\" content=\"7 minutes\" \/>\n<script type=\"application\/ld+json\" class=\"yoast-schema-graph\">{\"@context\":\"https:\\\/\\\/schema.org\",\"@graph\":[{\"@type\":\"WebPage\",\"@id\":\"https:\\\/\\\/perforacioneseingenieriavenezuela.com\\\/?page_id=162\",\"url\":\"https:\\\/\\\/perforacioneseingenieriavenezuela.com\\\/?page_id=162\",\"name\":\"Contactenos | perforacioneseingenieria.com.co\",\"isPartOf\":{\"@id\":\"https:\\\/\\\/perforacioneseingenieriavenezuela.com\\\/#website\"},\"datePublished\":\"2023-04-17T18:26:11+00:00\",\"dateModified\":\"2026-03-26T17:34:15+00:00\",\"breadcrumb\":{\"@id\":\"https:\\\/\\\/perforacioneseingenieriavenezuela.com\\\/?page_id=162#breadcrumb\"},\"inLanguage\":\"es-ES\",\"potentialAction\":[{\"@type\":\"ReadAction\",\"target\":[\"https:\\\/\\\/perforacioneseingenieriavenezuela.com\\\/?page_id=162\"]}]},{\"@type\":\"BreadcrumbList\",\"@id\":\"https:\\\/\\\/perforacioneseingenieriavenezuela.com\\\/?page_id=162#breadcrumb\",\"itemListElement\":[{\"@type\":\"ListItem\",\"position\":1,\"name\":\"Inicio\",\"item\":\"https:\\\/\\\/perforacioneseingenieriavenezuela.com\\\/\"},{\"@type\":\"ListItem\",\"position\":2,\"name\":\"Contactenos\"}]},{\"@type\":\"WebSite\",\"@id\":\"https:\\\/\\\/perforacioneseingenieriavenezuela.com\\\/#website\",\"url\":\"https:\\\/\\\/perforacioneseingenieriavenezuela.com\\\/\",\"name\":\"\u25b7 Perforaciones e ingenier\u00eda llama ya \u260e\ufe0f3213678183\",\"description\":\"Perforaciones e ingenier\u00eda llama ya \u260e\ufe0f3213678183\",\"publisher\":{\"@id\":\"https:\\\/\\\/perforacioneseingenieriavenezuela.com\\\/#organization\"},\"alternateName\":\"Los expertos en Perforaciones e ingenier\u00eda\",\"potentialAction\":[{\"@type\":\"SearchAction\",\"target\":{\"@type\":\"EntryPoint\",\"urlTemplate\":\"https:\\\/\\\/perforacioneseingenieriavenezuela.com\\\/?s={search_term_string}\"},\"query-input\":{\"@type\":\"PropertyValueSpecification\",\"valueRequired\":true,\"valueName\":\"search_term_string\"}}],\"inLanguage\":\"es-ES\"},{\"@type\":\"Organization\",\"@id\":\"https:\\\/\\\/perforacioneseingenieriavenezuela.com\\\/#organization\",\"name\":\"\u25b7 Perforaciones e ingenier\u00eda llama ya \u260e\ufe0f3213678183\",\"url\":\"https:\\\/\\\/perforacioneseingenieriavenezuela.com\\\/\",\"logo\":{\"@type\":\"ImageObject\",\"inLanguage\":\"es-ES\",\"@id\":\"https:\\\/\\\/perforacioneseingenieriavenezuela.com\\\/#\\\/schema\\\/logo\\\/image\\\/\",\"url\":\"https:\\\/\\\/perforacioneseingenieriavenezuela.com\\\/wp-content\\\/uploads\\\/2023\\\/04\\\/cropped-Logo-Perforaciones-icon-01.webp\",\"contentUrl\":\"https:\\\/\\\/perforacioneseingenieriavenezuela.com\\\/wp-content\\\/uploads\\\/2023\\\/04\\\/cropped-Logo-Perforaciones-icon-01.webp\",\"width\":512,\"height\":512,\"caption\":\"\u25b7 Perforaciones e ingenier\u00eda llama ya \u260e\ufe0f3213678183\"},\"image\":{\"@id\":\"https:\\\/\\\/perforacioneseingenieriavenezuela.com\\\/#\\\/schema\\\/logo\\\/image\\\/\"},\"sameAs\":[\"https:\\\/\\\/www.facebook.com\\\/perforaciones.sas\",\"https:\\\/\\\/www.instagram.com\\\/perfoingesa\",\"https:\\\/\\\/www.youtube.com\\\/@perforacioneseingenieriasa2629\"]}]}<\/script>\n<!-- \/ Yoast SEO plugin. -->","yoast_head_json":{"title":"Contactenos | perforacioneseingenieria.com.co","robots":{"index":"index","follow":"follow","max-snippet":"max-snippet:-1","max-image-preview":"max-image-preview:large","max-video-preview":"max-video-preview:-1"},"canonical":"https:\/\/perforacioneseingenieriavenezuela.com\/?page_id=162","og_locale":"es_ES","og_type":"article","og_title":"Contactenos | perforacioneseingenieria.com.co","og_description":"CONTACTENOSNuestro equipo esta listo para apoyarlo en su proyectoCorreo electr\u00f3nicoperforacioneseingenieria@gmail.comTel\u00e9fono o Whatsapp+58 412-5964654 &nbsp;Direcci\u00f3nC.C. Paseo El Hatillo, piso 8 oficina 801. Avenida Sir La Lagunita","og_url":"https:\/\/perforacioneseingenieriavenezuela.com\/?page_id=162","og_site_name":"perforacioneseingenieria.com.co","article_publisher":"https:\/\/www.facebook.com\/perforaciones.sas","article_modified_time":"2026-03-26T17:34:15+00:00","twitter_card":"summary_large_image","twitter_misc":{"Est. reading time":"7 minutes"},"schema":{"@context":"https:\/\/schema.org","@graph":[{"@type":"WebPage","@id":"https:\/\/perforacioneseingenieriavenezuela.com\/?page_id=162","url":"https:\/\/perforacioneseingenieriavenezuela.com\/?page_id=162","name":"Contactenos | perforacioneseingenieria.com.co","isPartOf":{"@id":"https:\/\/perforacioneseingenieriavenezuela.com\/#website"},"datePublished":"2023-04-17T18:26:11+00:00","dateModified":"2026-03-26T17:34:15+00:00","breadcrumb":{"@id":"https:\/\/perforacioneseingenieriavenezuela.com\/?page_id=162#breadcrumb"},"inLanguage":"es-ES","potentialAction":[{"@type":"ReadAction","target":["https:\/\/perforacioneseingenieriavenezuela.com\/?page_id=162"]}]},{"@type":"BreadcrumbList","@id":"https:\/\/perforacioneseingenieriavenezuela.com\/?page_id=162#breadcrumb","itemListElement":[{"@type":"ListItem","position":1,"name":"Inicio","item":"https:\/\/perforacioneseingenieriavenezuela.com\/"},{"@type":"ListItem","position":2,"name":"Contactenos"}]},{"@type":"WebSite","@id":"https:\/\/perforacioneseingenieriavenezuela.com\/#website","url":"https:\/\/perforacioneseingenieriavenezuela.com\/","name":"\u25b7 Perforaciones e ingenier\u00eda llama ya \u260e\ufe0f3213678183","description":"Perforaciones e ingenier\u00eda llama ya \u260e\ufe0f3213678183","publisher":{"@id":"https:\/\/perforacioneseingenieriavenezuela.com\/#organization"},"alternateName":"Los expertos en Perforaciones e ingenier\u00eda","potentialAction":[{"@type":"SearchAction","target":{"@type":"EntryPoint","urlTemplate":"https:\/\/perforacioneseingenieriavenezuela.com\/?s={search_term_string}"},"query-input":{"@type":"PropertyValueSpecification","valueRequired":true,"valueName":"search_term_string"}}],"inLanguage":"es-ES"},{"@type":"Organization","@id":"https:\/\/perforacioneseingenieriavenezuela.com\/#organization","name":"\u25b7 Perforaciones e ingenier\u00eda llama ya \u260e\ufe0f3213678183","url":"https:\/\/perforacioneseingenieriavenezuela.com\/","logo":{"@type":"ImageObject","inLanguage":"es-ES","@id":"https:\/\/perforacioneseingenieriavenezuela.com\/#\/schema\/logo\/image\/","url":"https:\/\/perforacioneseingenieriavenezuela.com\/wp-content\/uploads\/2023\/04\/cropped-Logo-Perforaciones-icon-01.webp","contentUrl":"https:\/\/perforacioneseingenieriavenezuela.com\/wp-content\/uploads\/2023\/04\/cropped-Logo-Perforaciones-icon-01.webp","width":512,"height":512,"caption":"\u25b7 Perforaciones e ingenier\u00eda llama ya \u260e\ufe0f3213678183"},"image":{"@id":"https:\/\/perforacioneseingenieriavenezuela.com\/#\/schema\/logo\/image\/"},"sameAs":["https:\/\/www.facebook.com\/perforaciones.sas","https:\/\/www.instagram.com\/perfoingesa","https:\/\/www.youtube.com\/@perforacioneseingenieriasa2629"]}]}},"_hostinger_reach_plugin_has_subscription_block":false,"_hostinger_reach_plugin_is_elementor":false,"_links":{"self":[{"href":"https:\/\/perforacioneseingenieriavenezuela.com\/index.php?rest_route=\/wp\/v2\/pages\/162","targetHints":{"allow":["GET"]}}],"collection":[{"href":"https:\/\/perforacioneseingenieriavenezuela.com\/index.php?rest_route=\/wp\/v2\/pages"}],"about":[{"href":"https:\/\/perforacioneseingenieriavenezuela.com\/index.php?rest_route=\/wp\/v2\/types\/page"}],"author":[{"embeddable":true,"href":"https:\/\/perforacioneseingenieriavenezuela.com\/index.php?rest_route=\/wp\/v2\/users\/2"}],"replies":[{"embeddable":true,"href":"https:\/\/perforacioneseingenieriavenezuela.com\/index.php?rest_route=%2Fwp%2Fv2%2Fcomments&post=162"}],"version-history":[{"count":14,"href":"https:\/\/perforacioneseingenieriavenezuela.com\/index.php?rest_route=\/wp\/v2\/pages\/162\/revisions"}],"predecessor-version":[{"id":5249,"href":"https:\/\/perforacioneseingenieriavenezuela.com\/index.php?rest_route=\/wp\/v2\/pages\/162\/revisions\/5249"}],"wp:attachment":[{"href":"https:\/\/perforacioneseingenieriavenezuela.com\/index.php?rest_route=%2Fwp%2Fv2%2Fmedia&parent=162"}],"curies":[{"name":"wp","href":"https:\/\/api.w.org\/{rel}","templated":true}]}}